{"id":30,"date":"2026-01-03T16:49:19","date_gmt":"2026-01-03T13:49:19","guid":{"rendered":"http:\/\/216.250.13.165\/?page_id=30"},"modified":"2026-01-03T16:49:19","modified_gmt":"2026-01-03T13:49:19","slug":"my-account","status":"publish","type":"page","link":"http:\/\/bezegussady.com.tm\/?page_id=30","title":{"rendered":"My account"},"content":{"rendered":"<div class=\"woocommerce ct-woo-unauthorized\"><div class=\"woocommerce-notices-wrapper\"><\/div>\n\n\t\t<h2>Login<\/h2>\n\n\t\t<form class=\"woocommerce-form woocommerce-form-login login\" method=\"post\" novalidate>\n\n\t\t\t\n\t\t\t<p class=\"woocommerce-form-row woocommerce-form-row--wide form-row form-row-wide\">\n\t\t\t\t<label for=\"username\">Username or email address&nbsp;<span class=\"required\" aria-hidden=\"true\">*<\/span><span class=\"screen-reader-text\">Required<\/span><\/label>\n\t\t\t\t<input type=\"text\" class=\"woocommerce-Input woocommerce-Input--text input-text\" name=\"username\" id=\"username\" autocomplete=\"username\" value=\"\" required aria-required=\"true\" \/>\t\t\t<\/p>\n\t\t\t<p class=\"woocommerce-form-row woocommerce-form-row--wide form-row form-row-wide\">\n\t\t\t\t<label for=\"password\">Password&nbsp;<span class=\"required\" aria-hidden=\"true\">*<\/span><span class=\"screen-reader-text\">Required<\/span><\/label>\n\t\t\t\t<input class=\"woocommerce-Input woocommerce-Input--text input-text\" type=\"password\" name=\"password\" id=\"password\" autocomplete=\"current-password\" required aria-required=\"true\" \/>\n\t\t\t<\/p>\n\n\t\t\t\n\t\t\t<p class=\"form-row\">\n\t\t\t\t<label class=\"woocommerce-form__label woocommerce-form__label-for-checkbox woocommerce-form-login__rememberme\">\n\t\t\t\t\t<input class=\"woocommerce-form__input woocommerce-form__input-checkbox\" name=\"rememberme\" type=\"checkbox\" id=\"rememberme\" value=\"forever\" \/> <span>Remember me<\/span>\n\t\t\t\t<\/label>\n\t\t\t\t<input type=\"hidden\" id=\"woocommerce-login-nonce\" name=\"woocommerce-login-nonce\" value=\"2ccc1f935e\" \/><input type=\"hidden\" name=\"_wp_http_referer\" value=\"\/index.php?rest_route=%2Fwp%2Fv2%2Fpages%2F30\" \/>\t\t\t\t<button type=\"submit\" class=\"woocommerce-button button woocommerce-form-login__submit\" name=\"login\" value=\"Log in\">Log in<\/button>\n\t\t\t<\/p>\n\t\t\t<p class=\"woocommerce-LostPassword lost_password\">\n\t\t\t\t<a href=\"http:\/\/bezegussady.com.tm\/?page_id=30&#038;lost-password\">Lost your password?<\/a>\n\t\t\t<\/p>\n\n\t\t\t\n\t\t<\/form>\n\n\n<\/div>\n","protected":false},"excerpt":{"rendered":"","protected":false},"author":1,"featured_media":0,"parent":0,"menu_order":0,"comment_status":"closed","ping_status":"closed","template":"","meta":{"footnotes":""},"class_list":["post-30","page","type-page","status-publish","hentry"],"blocksy_meta":[],"yoast_head":"<!-- This site is optimized with the Yoast SEO plugin v27.3 - https:\/\/yoast.com\/product\/yoast-seo-wordpress\/ -->\n<title>My account - Bezeg Ussady<\/title>\n<meta name=\"robots\" content=\"index, follow, max-snippet:-1, max-image-preview:large, max-video-preview:-1\" \/>\n<link rel=\"canonical\" href=\"http:\/\/bezegussady.com.tm\/?page_id=30\" \/>\n<meta property=\"og:locale\" content=\"ru_RU\" \/>\n<meta property=\"og:type\" content=\"article\" \/>\n<meta property=\"og:title\" content=\"My account - Bezeg Ussady\" \/>\n<meta property=\"og:url\" content=\"http:\/\/bezegussady.com.tm\/?page_id=30\" \/>\n<meta property=\"og:site_name\" content=\"Bezeg Ussady\" \/>\n<meta name=\"twitter:card\" content=\"summary_large_image\" \/>\n<script type=\"application\/ld+json\" class=\"yoast-schema-graph\">{\"@context\":\"https:\\\/\\\/schema.org\",\"@graph\":[{\"@type\":\"WebPage\",\"@id\":\"http:\\\/\\\/bezegussady.com.tm\\\/?page_id=30\",\"url\":\"http:\\\/\\\/bezegussady.com.tm\\\/?page_id=30\",\"name\":\"My account - Bezeg Ussady\",\"isPartOf\":{\"@id\":\"http:\\\/\\\/bezegussady.com.tm\\\/#website\"},\"datePublished\":\"2026-01-03T13:49:19+00:00\",\"breadcrumb\":{\"@id\":\"http:\\\/\\\/bezegussady.com.tm\\\/?page_id=30#breadcrumb\"},\"inLanguage\":\"ru-RU\",\"potentialAction\":[{\"@type\":\"ReadAction\",\"target\":[\"http:\\\/\\\/bezegussady.com.tm\\\/?page_id=30\"]}]},{\"@type\":\"BreadcrumbList\",\"@id\":\"http:\\\/\\\/bezegussady.com.tm\\\/?page_id=30#breadcrumb\",\"itemListElement\":[{\"@type\":\"ListItem\",\"position\":1,\"name\":\"Home\",\"item\":\"http:\\\/\\\/bezegussady.com.tm\\\/\"},{\"@type\":\"ListItem\",\"position\":2,\"name\":\"My account\"}]},{\"@type\":\"WebSite\",\"@id\":\"http:\\\/\\\/bezegussady.com.tm\\\/#website\",\"url\":\"http:\\\/\\\/bezegussady.com.tm\\\/\",\"name\":\"Bezeg Ussady\",\"description\":\"\u00d6\u00fdleri\u0148ize bezeg beri\u0148!\",\"publisher\":{\"@id\":\"http:\\\/\\\/bezegussady.com.tm\\\/#organization\"},\"potentialAction\":[{\"@type\":\"SearchAction\",\"target\":{\"@type\":\"EntryPoint\",\"urlTemplate\":\"http:\\\/\\\/bezegussady.com.tm\\\/?s={search_term_string}\"},\"query-input\":{\"@type\":\"PropertyValueSpecification\",\"valueRequired\":true,\"valueName\":\"search_term_string\"}}],\"inLanguage\":\"ru-RU\"},{\"@type\":\"Organization\",\"@id\":\"http:\\\/\\\/bezegussady.com.tm\\\/#organization\",\"name\":\"Bezeg Ussady\",\"url\":\"http:\\\/\\\/bezegussady.com.tm\\\/\",\"logo\":{\"@type\":\"ImageObject\",\"inLanguage\":\"ru-RU\",\"@id\":\"http:\\\/\\\/bezegussady.com.tm\\\/#\\\/schema\\\/logo\\\/image\\\/\",\"url\":\"\",\"contentUrl\":\"\",\"caption\":\"Bezeg Ussady\"},\"image\":{\"@id\":\"http:\\\/\\\/bezegussady.com.tm\\\/#\\\/schema\\\/logo\\\/image\\\/\"}}]}<\/script>\n<!-- \/ Yoast SEO plugin. -->","yoast_head_json":{"title":"My account - Bezeg Ussady","robots":{"index":"index","follow":"follow","max-snippet":"max-snippet:-1","max-image-preview":"max-image-preview:large","max-video-preview":"max-video-preview:-1"},"canonical":"http:\/\/bezegussady.com.tm\/?page_id=30","og_locale":"ru_RU","og_type":"article","og_title":"My account - Bezeg Ussady","og_url":"http:\/\/bezegussady.com.tm\/?page_id=30","og_site_name":"Bezeg Ussady","twitter_card":"summary_large_image","schema":{"@context":"https:\/\/schema.org","@graph":[{"@type":"WebPage","@id":"http:\/\/bezegussady.com.tm\/?page_id=30","url":"http:\/\/bezegussady.com.tm\/?page_id=30","name":"My account - Bezeg Ussady","isPartOf":{"@id":"http:\/\/bezegussady.com.tm\/#website"},"datePublished":"2026-01-03T13:49:19+00:00","breadcrumb":{"@id":"http:\/\/bezegussady.com.tm\/?page_id=30#breadcrumb"},"inLanguage":"ru-RU","potentialAction":[{"@type":"ReadAction","target":["http:\/\/bezegussady.com.tm\/?page_id=30"]}]},{"@type":"BreadcrumbList","@id":"http:\/\/bezegussady.com.tm\/?page_id=30#breadcrumb","itemListElement":[{"@type":"ListItem","position":1,"name":"Home","item":"http:\/\/bezegussady.com.tm\/"},{"@type":"ListItem","position":2,"name":"My account"}]},{"@type":"WebSite","@id":"http:\/\/bezegussady.com.tm\/#website","url":"http:\/\/bezegussady.com.tm\/","name":"Bezeg Ussady","description":"\u00d6\u00fdleri\u0148ize bezeg beri\u0148!","publisher":{"@id":"http:\/\/bezegussady.com.tm\/#organization"},"potentialAction":[{"@type":"SearchAction","target":{"@type":"EntryPoint","urlTemplate":"http:\/\/bezegussady.com.tm\/?s={search_term_string}"},"query-input":{"@type":"PropertyValueSpecification","valueRequired":true,"valueName":"search_term_string"}}],"inLanguage":"ru-RU"},{"@type":"Organization","@id":"http:\/\/bezegussady.com.tm\/#organization","name":"Bezeg Ussady","url":"http:\/\/bezegussady.com.tm\/","logo":{"@type":"ImageObject","inLanguage":"ru-RU","@id":"http:\/\/bezegussady.com.tm\/#\/schema\/logo\/image\/","url":"","contentUrl":"","caption":"Bezeg Ussady"},"image":{"@id":"http:\/\/bezegussady.com.tm\/#\/schema\/logo\/image\/"}}]}},"_links":{"self":[{"href":"http:\/\/bezegussady.com.tm\/index.php?rest_route=\/wp\/v2\/pages\/30","targetHints":{"allow":["GET"]}}],"collection":[{"href":"http:\/\/bezegussady.com.tm\/index.php?rest_route=\/wp\/v2\/pages"}],"about":[{"href":"http:\/\/bezegussady.com.tm\/index.php?rest_route=\/wp\/v2\/types\/page"}],"author":[{"embeddable":true,"href":"http:\/\/bezegussady.com.tm\/index.php?rest_route=\/wp\/v2\/users\/1"}],"replies":[{"embeddable":true,"href":"http:\/\/bezegussady.com.tm\/index.php?rest_route=%2Fwp%2Fv2%2Fcomments&post=30"}],"version-history":[{"count":0,"href":"http:\/\/bezegussady.com.tm\/index.php?rest_route=\/wp\/v2\/pages\/30\/revisions"}],"wp:attachment":[{"href":"http:\/\/bezegussady.com.tm\/index.php?rest_route=%2Fwp%2Fv2%2Fmedia&parent=30"}],"curies":[{"name":"wp","href":"https:\/\/api.w.org\/{rel}","templated":true}]}}